{"id":1775,"date":"2023-12-05T03:41:18","date_gmt":"2023-12-05T03:41:18","guid":{"rendered":"https:\/\/jorgelopezgaleria.com\/?page_id=1775"},"modified":"2024-02-22T16:15:51","modified_gmt":"2024-02-22T16:15:51","slug":"alvaro-porras","status":"publish","type":"page","link":"https:\/\/jorgelopezgaleria.com\/en\/artistas\/alvaro-porras\/","title":{"rendered":"\u00c1lvaro Porras"},"content":{"rendered":"<div data-elementor-type=\"wp-page\" data-elementor-id=\"1775\" class=\"elementor elementor-1775\">\n\t\t\t\t<div class=\"elementor-element elementor-element-9a7cf15 e-flex e-con-boxed e-con e-parent\" data-id=\"9a7cf15\" data-element_type=\"container\" data-e-type=\"container\">\n\t\t\t\t\t<div class=\"e-con-inner\">\n\t\t<div class=\"elementor-element elementor-element-b093ce2 e-con-full e-flex e-con e-child\" data-id=\"b093ce2\" data-element_type=\"container\" data-e-type=\"container\">\n\t\t\t\t<div class=\"elementor-element elementor-element-6426be9 elementor-widget elementor-widget-heading\" data-id=\"6426be9\" data-element_type=\"widget\" data-e-type=\"widget\" data-widget_type=\"heading.default\">\n\t\t\t\t<div class=\"elementor-widget-container\">\n\t\t\t\t\t<h3 class=\"elementor-heading-title elementor-size-default\">\u00c1lvaro Porras<\/h3>\t\t\t\t<\/div>\n\t\t\t\t<\/div>\n\t\t\t\t<div class=\"elementor-element elementor-element-61b9df6 elementor-widget elementor-widget-text-editor\" data-id=\"61b9df6\" data-element_type=\"widget\" data-e-type=\"widget\" data-widget_type=\"text-editor.default\">\n\t\t\t\t<div class=\"elementor-widget-container\">\n\t\t\t\t\t\t\t\t\t<p>Ciudad Real, Spain<br \/>1992<\/p>\t\t\t\t\t\t\t\t<\/div>\n\t\t\t\t<\/div>\n\t\t\t\t<\/div>\n\t\t\t\t\t<\/div>\n\t\t\t\t<\/div>\n\t\t<div class=\"elementor-element elementor-element-c387a2b e-flex e-con-boxed e-con e-parent\" data-id=\"c387a2b\" data-element_type=\"container\" data-e-type=\"container\">\n\t\t\t\t\t<div class=\"e-con-inner\">\n\t\t<div class=\"elementor-element elementor-element-533cc4d e-con-full e-flex e-con e-child\" data-id=\"533cc4d\" data-element_type=\"container\" data-e-type=\"container\">\n\t\t\t\t<div class=\"elementor-element elementor-element-1306f70 elementor-widget elementor-widget-image\" data-id=\"1306f70\" data-element_type=\"widget\" data-e-type=\"widget\" data-widget_type=\"image.default\">\n\t\t\t\t<div class=\"elementor-widget-container\">\n\t\t\t\t\t\t\t\t\t\t\t\t\t\t\t<img fetchpriority=\"high\" decoding=\"async\" width=\"340\" height=\"510\" src=\"https:\/\/jorgelopezgaleria.com\/wp-content\/uploads\/2024\/02\/Alvaro-Porras-FOTO-PRINCIPAL.jpg\" class=\"attachment-full size-full wp-image-5763\" alt=\"\" srcset=\"https:\/\/jorgelopezgaleria.com\/wp-content\/uploads\/2024\/02\/Alvaro-Porras-FOTO-PRINCIPAL.jpg 340w, https:\/\/jorgelopezgaleria.com\/wp-content\/uploads\/2024\/02\/Alvaro-Porras-FOTO-PRINCIPAL-200x300.jpg 200w\" sizes=\"(max-width: 340px) 100vw, 340px\" \/>\t\t\t\t\t\t\t\t\t\t\t\t\t\t\t<\/div>\n\t\t\t\t<\/div>\n\t\t\t\t<\/div>\n\t\t<div class=\"elementor-element elementor-element-8c1d9d9 e-con-full e-flex e-con e-child\" data-id=\"8c1d9d9\" data-element_type=\"container\" data-e-type=\"container\">\n\t\t\t\t<div class=\"elementor-element elementor-element-53ad0d9 elementor-widget elementor-widget-text-editor\" data-id=\"53ad0d9\" data-element_type=\"widget\" data-e-type=\"widget\" data-widget_type=\"text-editor.default\">\n\t\t\t\t<div class=\"elementor-widget-container\">\n\t\t\t\t\t\t\t\t\t<p>\u00c1lvaro Porras deploys his work through the permutation of symbolic and somatic codes, in line with certain experiential practices and emancipations of art in the urban context. With the intention of a historiographical story, his work goes in and out through painting and graphics as responses to different processes of writing and narration, in a movement towards conceptualisms of action and minimal intervention.<\/p><p>He is an artist and researcher, graduated in Fine Arts from the Faculty of Cuenca, UCLM, Master of Research in Artistic and Visual Practices at UCLM, Master in History of Contemporary Art and Visual Culture at the MNCARS and, PhD from the UPV. He has carried out projects in cities such as Madrid, Barcelona, Bristol, Rome or New York, and also in other places such as Villanueva de los Infantes, La Carrotja, Reinosa or Argamasilla de Alba. He has carried out curatorial work and story construction for independent spaces such as Espacio Blanco Blanco or Internet Moon Gallery and has carried out education and mediation projects for institutions such as the Reina Sof\u00eda or the IVAM. He\u2019s work has been exhibited at the IVAM.<\/p>\t\t\t\t\t\t\t\t<\/div>\n\t\t\t\t<\/div>\n\t\t\t\t<div class=\"elementor-element elementor-element-2e3a8be elementor-widget elementor-widget-button\" data-id=\"2e3a8be\" data-element_type=\"widget\" data-e-type=\"widget\" data-widget_type=\"button.default\">\n\t\t\t\t<div class=\"elementor-widget-container\">\n\t\t\t\t\t\t\t\t\t<div class=\"elementor-button-wrapper\">\n\t\t\t\t\t<a class=\"elementor-button elementor-button-link elementor-size-sm\" href=\"https:\/\/drive.google.com\/file\/d\/1k2EogD997xSGFXE_o1ZGw5ZXZBwOnmz-\/view?usp=sharing\">\n\t\t\t\t\t\t<span class=\"elementor-button-content-wrapper\">\n\t\t\t\t\t\t\t\t\t<span class=\"elementor-button-text\">Download CV<\/span>\n\t\t\t\t\t<\/span>\n\t\t\t\t\t<\/a>\n\t\t\t\t<\/div>\n\t\t\t\t\t\t\t\t<\/div>\n\t\t\t\t<\/div>\n\t\t\t\t<\/div>\n\t\t\t\t\t<\/div>\n\t\t\t\t<\/div>\n\t\t<div class=\"elementor-element elementor-element-c81ad11 e-con-full e-flex e-con e-parent\" data-id=\"c81ad11\" data-element_type=\"container\" data-e-type=\"container\">\n\t\t<div class=\"elementor-element elementor-element-f271dd5 e-con-full e-flex e-con e-child\" data-id=\"f271dd5\" data-element_type=\"container\" data-e-type=\"container\">\n\t\t<div class=\"elementor-element elementor-element-42e4cfb e-flex e-con-boxed e-con e-child\" data-id=\"42e4cfb\" data-element_type=\"container\" data-e-type=\"container\">\n\t\t\t\t\t<div class=\"e-con-inner\">\n\t\t\t\t<div class=\"elementor-element elementor-element-54be735 elementor-widget elementor-widget-heading\" data-id=\"54be735\" data-element_type=\"widget\" data-e-type=\"widget\" data-widget_type=\"heading.default\">\n\t\t\t\t<div class=\"elementor-widget-container\">\n\t\t\t\t\t<h3 class=\"elementor-heading-title elementor-size-default\">Available artworks<\/h3>\t\t\t\t<\/div>\n\t\t\t\t<\/div>\n\t\t\t\t\t<\/div>\n\t\t\t\t<\/div>\n\t\t\t\t<div class=\"elementor-element elementor-element-c4db19f elementor-widget__width-inherit elementor-widget elementor-widget-ucaddon_card_carousel\" data-id=\"c4db19f\" data-element_type=\"widget\" data-e-type=\"widget\" data-widget_type=\"ucaddon_card_carousel.default\">\n\t\t\t\t<div class=\"elementor-widget-container\">\n\t\t\t\t\t\n<!-- start Card Carousel -->\n\t\t<link id='font-awesome-css' href='https:\/\/jorgelopezgaleria.com\/wp-content\/plugins\/unlimited-elements-for-elementor\/assets_libraries\/font-awesome6\/fontawesome-all.min.css' type='text\/css' rel='stylesheet' >\n\t\t<link id='font-awesome-4-shim-css' href='https:\/\/jorgelopezgaleria.com\/wp-content\/plugins\/unlimited-elements-for-elementor\/assets_libraries\/font-awesome6\/fontawesome-v4-shims.min.css' type='text\/css' rel='stylesheet' >\n\t\t<link id='owl-carousel-css' href='https:\/\/jorgelopezgaleria.com\/wp-content\/plugins\/unlimited-elements-for-elementor\/assets_libraries\/owl-carousel-new\/assets\/owl.carousel.css' type='text\/css' rel='stylesheet' >\n\t\t<link id='uc_ac_assets_file_animate_css_77907-css' href='https:\/\/jorgelopezgaleria.com\/wp-content\/uploads\/ac_assets\/uc_classic_carousel\/animate.css' type='text\/css' rel='stylesheet' >\n\n<style>\/* widget: Card Carousel *\/\n\n#uc_card_carousel_elementor_c4db19f-wrapper\n{\n  min-height:1px;\n}\n#uc_card_carousel_elementor_c4db19f *{\n\t-webkit-box-sizing: border-box;\n\t-moz-box-sizing: border-box;\n\tbox-sizing: border-box;\n}\n\n#uc_card_carousel_elementor_c4db19f .ue-carousel-item\n{\n  overflow:hidden;\n  transition:0.3s;\n}\n\n#uc_card_carousel_elementor_c4db19f .uc_classic_carousel_container_holder\n{\n\tdisplay:block;\n\tposition:relative;\n\twidth:100%;\n    box-sizing: border-box;\n}\n#uc_card_carousel_elementor_c4db19f .uc_classic_carousel_placeholder{\n   position:relative;\n}\n\n#uc_card_carousel_elementor_c4db19f .uc_classic_carousel_placeholder img, #uc_card_carousel_elementor_c4db19f .ue_card_carousel_image_overlay\n{\n  transition: all 300ms;\n}\n\n.card_carousel_title\n{\n\tfont-size:21px;\n}\n\n.uc_classic_carousel .uc_classic_carousel_border\n{\n\tdisplay:block;\n    margin:0 auto;\n}\n\n.uc_classic_carousel  .uc_classic_carousel_placeholder img\n{\n\twidth:100%;\n    \n    display:inline-flex;\n}\n.uc_classic_carousel .uc_classic_carousel_content\n{\n  display: flex;\n flex-flow: column nowrap;\n}\n\n.uc_classic_carousel .ue_button\n{\n  margin-top:auto;\n\n}\n\n.uc_classic_carousel .uc_classic_carousel_content .uc_more_btn {\n\tdisplay:inline-block;\n\ttext-decoration:none;\n\ttransition: all 0.5s ease;\n}\n\n\n#uc_card_carousel_elementor_c4db19f .owl-dots {\noverflow:hidden;\ntext-align:center;\n}\n\n#uc_card_carousel_elementor_c4db19f .owl-dot {\nborder-radius:50%;\ndisplay:inline-block;\n}\n\n#uc_card_carousel_elementor_c4db19f .owl-nav .owl-prev,\n#uc_card_carousel_elementor_c4db19f .owl-nav .owl-next{\n    position:absolute;\n    display:flex;\n  \tjustify-content: center;\n  \talign-items: center;\n    text-align:center;\n}\n\n\n#uc_card_carousel_elementor_c4db19f .owl-nav .disabled\n{\n    display: none;  \n}\n\n\n#uc_card_carousel_elementor_c4db19f .ue-item-icon\n{\n  line-height:1em;\n  display:inline-flex;\n  justify-content:center;\n  align-items:center;\n  \n}\n\n#uc_card_carousel_elementor_c4db19f .ue-item-icon svg\n{\n  height:1em;\n  width:1em;\n}\n\n#uc_card_carousel_elementor_c4db19f .ue-item-icon-wrapper\n{\n  display:flex;\n}\n\n#uc_card_carousel_elementor_c4db19f .uc_classic_carousel_container_holder {\n\t max-width: ;\n}\n\n\n\n@media screen and (max-width: 1024px) {\n  #uc_card_carousel_elementor_c4db19f .uc_classic_carousel_container_holder {\n\t max-width: ;\n  }\n}\n\n@media screen and (max-width: 767px) {\n  #uc_card_carousel_elementor_c4db19f .uc_classic_carousel_container_holder {\n    max-width: ;\n  }\n}\n\n<\/style>\n\n<div class=\"uc_classic_carousel\" id=\"uc_card_carousel_elementor_c4db19f-wrapper\">\n        <div class=\"uc_carousel owl-carousel uc-items-wrapper\" id=\"uc_card_carousel_elementor_c4db19f\"  >\n          \t<div class=\"uc_classic_carousel_container_holder ue-item elementor-repeater-item-6abdd7b\">\n  <div class=\"ue-carousel-item\">\n      <div class=\"uc_classic_carousel_placeholder\">\n    <a href=\"https:\/\/showrooms.itgalleryapp.com\/es_ES\/2011942506654b9d28e181b\/work\/9dea59180a2692acb02bab9c3740ab3c\" title=\"More information\"  target='_blank'>      <img decoding=\"async\" src=\"https:\/\/jorgelopezgaleria.com\/wp-content\/uploads\/2023\/12\/Un-cuchillo-en-una-mano-y-la-balanza-en-la-otra-768x1094.jpg\"  alt=\"Un cuchillo en una mano y la balanza en la otra\" width=\"768\" height=\"1094\">\n    <\/a>      <\/div>\n    <div class=\"uc_classic_carousel_content\" style=\"direction:ltr;\">\n    \n    \n        \n          \t\n      <div  class=\"card_carousel_title\">Un cuchillo en una mano y la balanza en la otra<\/div>\n          \t\n    \n      \n    <p class=\"card_carousel_text\">2023<br>\n\u00c1lvaro Porras<br>\n10,5 x 15 cm<br>\nPastel on Canson 150g, framed\n<\/p>    \n    \n    \t\n    \n    \n        \t \n              <div class=\"ue_button\"><a class=\"uc_more_btn\" href=\"https:\/\/showrooms.itgalleryapp.com\/es_ES\/2011942506654b9d28e181b\/work\/9dea59180a2692acb02bab9c3740ab3c\" title=\"More information\"  target='_blank'>More information<\/a><\/div>\n        \t    \n    \t\n  <\/div>\n  <\/div>\n<\/div>\n<div class=\"uc_classic_carousel_container_holder ue-item elementor-repeater-item-eab5adc\">\n  <div class=\"ue-carousel-item\">\n      <div class=\"uc_classic_carousel_placeholder\">\n    <a href=\"https:\/\/showrooms.itgalleryapp.com\/es_ES\/2011942506654b9d28e181b\/work\/257e882f817e4c6b3697859ccc742547\" title=\"More information\"  target='_blank'>      <img decoding=\"async\" src=\"https:\/\/jorgelopezgaleria.com\/wp-content\/uploads\/2023\/12\/Vacio-Gnostico-768x1095.jpg\"  alt=\"Vac\u00edo Gnostico\" width=\"768\" height=\"1095\">\n    <\/a>      <\/div>\n    <div class=\"uc_classic_carousel_content\" style=\"direction:ltr;\">\n    \n    \n        \n          \t\n      <div  class=\"card_carousel_title\">Vacio Gnostico<\/div>\n          \t\n    \n      \n    <p class=\"card_carousel_text\">2023<br>\n\u00c1lvaro Porras<br>\n191 x 250 cm<br>\nOil and varnish on tarp\n<\/p>    \n    \n    \t\n    \n    \n        \t \n              <div class=\"ue_button\"><a class=\"uc_more_btn\" href=\"https:\/\/showrooms.itgalleryapp.com\/es_ES\/2011942506654b9d28e181b\/work\/257e882f817e4c6b3697859ccc742547\" title=\"More information\"  target='_blank'>More information<\/a><\/div>\n        \t    \n    \t\n  <\/div>\n  <\/div>\n<\/div>\n<div class=\"uc_classic_carousel_container_holder ue-item elementor-repeater-item-0bd53ec\">\n  <div class=\"ue-carousel-item\">\n      <div class=\"uc_classic_carousel_placeholder\">\n    <a href=\"https:\/\/showrooms.itgalleryapp.com\/es_ES\/2011942506654b9d28e181b\/work\/c28e67176b04fb2999850c0b6b57b330\" title=\"More information\"  target='_blank'>      <img loading=\"lazy\" decoding=\"async\" src=\"https:\/\/jorgelopezgaleria.com\/wp-content\/uploads\/2024\/01\/ktnuMesa-de-trabajo-13-100.jpg\"  alt=\"ktnuMesa de trabajo 13-100\" width=\"188\" height=\"282\">\n    <\/a>      <\/div>\n    <div class=\"uc_classic_carousel_content\" style=\"direction:ltr;\">\n    \n    \n        \n          \t\n      <div  class=\"card_carousel_title\">N\u00ba333.033 y N\u00ba333.333<\/div>\n          \t\n    \n      \n    <p class=\"card_carousel_text\">2023<br>\n\u00c1lvaro Porras<br>\n70 x 100 cm<br>\noil stick and varnish on linen<\/p>    \n    \n    \t\n    \n    \n        \t \n              <div class=\"ue_button\"><a class=\"uc_more_btn\" href=\"https:\/\/showrooms.itgalleryapp.com\/es_ES\/2011942506654b9d28e181b\/work\/c28e67176b04fb2999850c0b6b57b330\" title=\"More information\"  target='_blank'>More information<\/a><\/div>\n        \t    \n    \t\n  <\/div>\n  <\/div>\n<\/div>\n<div class=\"uc_classic_carousel_container_holder ue-item elementor-repeater-item-0a36994\">\n  <div class=\"ue-carousel-item\">\n      <div class=\"uc_classic_carousel_placeholder\">\n    <a href=\"https:\/\/showrooms.itgalleryapp.com\/es_ES\/2011942506654b9d28e181b\/work\/e4f3eb62e0fffbd4ffd4c39093dd9adb\" title=\"More information\"  target='_blank'>      <img loading=\"lazy\" decoding=\"async\" src=\"https:\/\/jorgelopezgaleria.com\/wp-content\/uploads\/2024\/01\/El-naufragio-no2.jpg\"  alt=\"El naufragio n\u00ba2\" width=\"199\" height=\"282\">\n    <\/a>      <\/div>\n    <div class=\"uc_classic_carousel_content\" style=\"direction:ltr;\">\n    \n    \n        \n          \t\n      <div  class=\"card_carousel_title\">El naufragio n\u00ba2<\/div>\n          \t\n    \n      \n    <p class=\"card_carousel_text\">2022<br>\n\u00c1lvaro Porras<br>\n27 x 35 cm<br>\nintaglio ink on tarp\n<\/p>    \n    \n    \t\n    \n    \n        \t \n              <div class=\"ue_button\"><a class=\"uc_more_btn\" href=\"https:\/\/showrooms.itgalleryapp.com\/es_ES\/2011942506654b9d28e181b\/work\/e4f3eb62e0fffbd4ffd4c39093dd9adb\" title=\"More information\"  target='_blank'>More information<\/a><\/div>\n        \t    \n    \t\n  <\/div>\n  <\/div>\n<\/div>\n<div class=\"uc_classic_carousel_container_holder ue-item elementor-repeater-item-8694635\">\n  <div class=\"ue-carousel-item\">\n      <div class=\"uc_classic_carousel_placeholder\">\n    <a href=\"https:\/\/showrooms.itgalleryapp.com\/es_ES\/2011942506654b9d28e181b\/work\/6dfeeea5dd052acec937f15748f41609\" title=\"More information\"  target='_blank'>      <img loading=\"lazy\" decoding=\"async\" src=\"https:\/\/jorgelopezgaleria.com\/wp-content\/uploads\/2023\/12\/Entre-los-pinos-o-eso-que-queremos-quitarnos-768x1095.jpg\"  alt=\"Entre los pinos o eso que queremos quitarnos\" width=\"768\" height=\"1095\">\n    <\/a>      <\/div>\n    <div class=\"uc_classic_carousel_content\" style=\"direction:ltr;\">\n    \n    \n        \n          \t\n      <div  class=\"card_carousel_title\">Entre los pinos o eso que queremos quitarnos<\/div>\n          \t\n    \n      \n    <p class=\"card_carousel_text\">2022<br>\n\u00c1lvaro Porras<br>\n190 x 250 cm<br>\nOil and offset on tarp\n<\/p>    \n    \n    \t\n    \n    \n        \t \n              <div class=\"ue_button\"><a class=\"uc_more_btn\" href=\"https:\/\/showrooms.itgalleryapp.com\/es_ES\/2011942506654b9d28e181b\/work\/6dfeeea5dd052acec937f15748f41609\" title=\"More information\"  target='_blank'>More information<\/a><\/div>\n        \t    \n    \t\n  <\/div>\n  <\/div>\n<\/div>\n<div class=\"uc_classic_carousel_container_holder ue-item elementor-repeater-item-be9a15f\">\n  <div class=\"ue-carousel-item\">\n      <div class=\"uc_classic_carousel_placeholder\">\n    <a href=\"https:\/\/showrooms.itgalleryapp.com\/es_ES\/2011942506654b9d28e181b\/work\/0a6ca6386214bfa5829fe9a13bee4bf1\" title=\"More information\"  target='_blank'>      <img loading=\"lazy\" decoding=\"async\" src=\"https:\/\/jorgelopezgaleria.com\/wp-content\/uploads\/2023\/12\/Harder-convirtio-el-Kairos-en-Occasio-768x1094.jpg\"  alt=\"Harder convirti\u00f3 el Kair\u00f3s en Occasio\" width=\"768\" height=\"1094\">\n    <\/a>      <\/div>\n    <div class=\"uc_classic_carousel_content\" style=\"direction:ltr;\">\n    \n    \n        \n          \t\n      <div  class=\"card_carousel_title\">Harder convirti\u00f3 el Kair\u00f3s en Occasio<\/div>\n          \t\n    \n      \n    <p class=\"card_carousel_text\">2023<br>\n\u00c1lvaro Porras<br>\n10.5 x 15 cm<br>\nPastel on Canson 150g, framed\n<\/p>    \n    \n    \t\n    \n    \n        \t \n              <div class=\"ue_button\"><a class=\"uc_more_btn\" href=\"https:\/\/showrooms.itgalleryapp.com\/es_ES\/2011942506654b9d28e181b\/work\/0a6ca6386214bfa5829fe9a13bee4bf1\" title=\"More information\"  target='_blank'>More information<\/a><\/div>\n        \t    \n    \t\n  <\/div>\n  <\/div>\n<\/div>\n<div class=\"uc_classic_carousel_container_holder ue-item elementor-repeater-item-4bae5eb\">\n  <div class=\"ue-carousel-item\">\n      <div class=\"uc_classic_carousel_placeholder\">\n    <a href=\"https:\/\/showrooms.itgalleryapp.com\/es_ES\/2011942506654b9d28e181b\/work\/6650c710d686eddb4cffb6e5d90c2ef3\" title=\"More information\"  target='_blank'>      <img loading=\"lazy\" decoding=\"async\" src=\"https:\/\/jorgelopezgaleria.com\/wp-content\/uploads\/2024\/01\/Magnolia-768x1094.jpg\"  alt=\"Magnolia\" width=\"768\" height=\"1094\">\n    <\/a>      <\/div>\n    <div class=\"uc_classic_carousel_content\" style=\"direction:ltr;\">\n    \n    \n        \n          \t\n      <div  class=\"card_carousel_title\">Magnolia<\/div>\n          \t\n    \n      \n    <p class=\"card_carousel_text\">2022<br>\n\u00c1lvaro Porras<br>\n29.5 x 21 cm<br>\nPigment and arabic rubber on fabric on board\n<\/p>    \n    \n    \t\n    \n    \n        \t \n              <div class=\"ue_button\"><a class=\"uc_more_btn\" href=\"https:\/\/showrooms.itgalleryapp.com\/es_ES\/2011942506654b9d28e181b\/work\/6650c710d686eddb4cffb6e5d90c2ef3\" title=\"More information\"  target='_blank'>More information<\/a><\/div>\n        \t    \n    \t\n  <\/div>\n  <\/div>\n<\/div>\n<div class=\"uc_classic_carousel_container_holder ue-item elementor-repeater-item-b613bba\">\n  <div class=\"ue-carousel-item\">\n      <div class=\"uc_classic_carousel_placeholder\">\n    <a href=\"https:\/\/showrooms.itgalleryapp.com\/es_ES\/2011942506654b9d28e181b\/work\/baa3d8fe8f90cd5f03066a4c7ff867bc\" title=\"More information\"  target='_blank'>      <img loading=\"lazy\" decoding=\"async\" src=\"https:\/\/jorgelopezgaleria.com\/wp-content\/uploads\/2024\/01\/ktnuMesa-de-trabajo-11-100.jpg\"  alt=\"ktnuMesa de trabajo 11-100\" width=\"422\" height=\"282\">\n    <\/a>      <\/div>\n    <div class=\"uc_classic_carousel_content\" style=\"direction:ltr;\">\n    \n    \n        \n          \t\n      <div  class=\"card_carousel_title\">N\u00ba333.000<\/div>\n          \t\n    \n      \n    <p class=\"card_carousel_text\">2023<br>\n\u00c1lvaro Porras<br>\n250 x 190 cm<br>\nOil, iron powder and oil stick<\/p>    \n    \n    \t\n    \n    \n        \t \n              <div class=\"ue_button\"><a class=\"uc_more_btn\" href=\"https:\/\/showrooms.itgalleryapp.com\/es_ES\/2011942506654b9d28e181b\/work\/baa3d8fe8f90cd5f03066a4c7ff867bc\" title=\"More information\"  target='_blank'>More information<\/a><\/div>\n        \t    \n    \t\n  <\/div>\n  <\/div>\n<\/div>\n\n      <\/div>\n<\/div>\n<!-- end Card Carousel -->\t\t\t\t<\/div>\n\t\t\t\t<\/div>\n\t\t\t\t<\/div>\n\t\t\t\t<\/div>\n\t\t\t\t<\/div>","protected":false},"excerpt":{"rendered":"<p>\u00c1lvaro Porras Ciudad Real, Espa\u00f1a1992 \u00c1lvaro Porras despliega su trabajo a trav\u00e9s de la permutaci\u00f3n de c\u00f3digos simb\u00f3licos y som\u00e1ticos, en l\u00ednea con ciertas pr\u00e1cticas experienciales y emancipaciones del arte en el contexto urbano. Con intenci\u00f3n de relato historiogr\u00e1fico, su obra va en idas y venidas a trav\u00e9s de la pintura y la gr\u00e1fica como [&hellip;]<\/p>\n","protected":false},"author":1,"featured_media":0,"parent":10,"menu_order":0,"comment_status":"closed","ping_status":"closed","template":"","meta":{"site-sidebar-layout":"no-sidebar","site-content-layout":"","ast-site-content-layout":"full-width-container","site-content-style":"default","site-sidebar-style":"default","ast-global-header-display":"","ast-banner-title-visibility":"","ast-main-header-display":"","ast-hfb-above-header-display":"","ast-hfb-below-header-display":"","ast-hfb-mobile-header-display":"","site-post-title":"disabled","ast-breadcrumbs-content":"","ast-featured-img":"disabled","footer-sml-layout":"","ast-disable-related-posts":"","theme-transparent-header-meta":"default","adv-header-id-meta":"","stick-header-meta":"","header-above-stick-meta":"","header-main-stick-meta":"","header-below-stick-meta":"","astra-migrate-meta-layouts":"set","ast-page-background-enabled":"default","ast-page-background-meta":{"desktop":{"background-color":"var(--ast-global-color-4)","background-image":"","background-repeat":"repeat","background-position":"center center","background-size":"auto","background-attachment":"scroll","background-type":"","background-media":"","overlay-type":"","overlay-color":"","overlay-opacity":"","overlay-gradient":""},"tablet":{"background-color":"","background-image":"","background-repeat":"repeat","background-position":"center center","background-size":"auto","background-attachment":"scroll","background-type":"","background-media":"","overlay-type":"","overlay-color":"","overlay-opacity":"","overlay-gradient":""},"mobile":{"background-color":"","background-image":"","background-repeat":"repeat","background-position":"center center","background-size":"auto","background-attachment":"scroll","background-type":"","background-media":"","overlay-type":"","overlay-color":"","overlay-opacity":"","overlay-gradient":""}},"ast-content-background-meta":{"desktop":{"background-color":"var(--ast-global-color-5)","background-image":"","background-repeat":"repeat","background-position":"center center","background-size":"auto","background-attachment":"scroll","background-type":"","background-media":"","overlay-type":"","overlay-color":"","overlay-opacity":"","overlay-gradient":""},"tablet":{"background-color":"var(--ast-global-color-5)","background-image":"","background-repeat":"repeat","background-position":"center center","background-size":"auto","background-attachment":"scroll","background-type":"","background-media":"","overlay-type":"","overlay-color":"","overlay-opacity":"","overlay-gradient":""},"mobile":{"background-color":"var(--ast-global-color-5)","background-image":"","background-repeat":"repeat","background-position":"center center","background-size":"auto","background-attachment":"scroll","background-type":"","background-media":"","overlay-type":"","overlay-color":"","overlay-opacity":"","overlay-gradient":""}},"footnotes":""},"class_list":["post-1775","page","type-page","status-publish","hentry"],"_links":{"self":[{"href":"https:\/\/jorgelopezgaleria.com\/en\/wp-json\/wp\/v2\/pages\/1775","targetHints":{"allow":["GET"]}}],"collection":[{"href":"https:\/\/jorgelopezgaleria.com\/en\/wp-json\/wp\/v2\/pages"}],"about":[{"href":"https:\/\/jorgelopezgaleria.com\/en\/wp-json\/wp\/v2\/types\/page"}],"author":[{"embeddable":true,"href":"https:\/\/jorgelopezgaleria.com\/en\/wp-json\/wp\/v2\/users\/1"}],"replies":[{"embeddable":true,"href":"https:\/\/jorgelopezgaleria.com\/en\/wp-json\/wp\/v2\/comments?post=1775"}],"version-history":[{"count":146,"href":"https:\/\/jorgelopezgaleria.com\/en\/wp-json\/wp\/v2\/pages\/1775\/revisions"}],"predecessor-version":[{"id":5766,"href":"https:\/\/jorgelopezgaleria.com\/en\/wp-json\/wp\/v2\/pages\/1775\/revisions\/5766"}],"up":[{"embeddable":true,"href":"https:\/\/jorgelopezgaleria.com\/en\/wp-json\/wp\/v2\/pages\/10"}],"wp:attachment":[{"href":"https:\/\/jorgelopezgaleria.com\/en\/wp-json\/wp\/v2\/media?parent=1775"}],"curies":[{"name":"wp","href":"https:\/\/api.w.org\/{rel}","templated":true}]}}